{"id":1739,"date":"2023-05-02T13:30:12","date_gmt":"2023-05-02T13:30:12","guid":{"rendered":"https:\/\/www.kuijperspetfood.com\/kvalitet\/"},"modified":"2023-06-26T19:41:46","modified_gmt":"2023-06-26T19:41:46","slug":"kvalitet","status":"publish","type":"page","link":"https:\/\/www.kuijperspetfood.com\/da\/kvalitet\/","title":{"rendered":"Kvalitet"},"content":{"rendered":"<div class=\"fusion-fullwidth fullwidth-box fusion-builder-row-1 fusion-flex-container has-pattern-background has-mask-background nonhundred-percent-fullwidth non-hundred-percent-height-scrolling\" style=\"--awb-border-radius-top-left:0px;--awb-border-radius-top-right:0px;--awb-border-radius-bottom-right:0px;--awb-border-radius-bottom-left:0px;--awb-flex-wrap:wrap;\" ><div class=\"fusion-builder-row fusion-row fusion-flex-align-items-flex-start fusion-flex-content-wrap\" style=\"max-width:1248px;margin-left: calc(-4% \/ 2 );margin-right: calc(-4% \/ 2 );\"><div class=\"fusion-layout-column fusion_builder_column fusion-builder-column-0 fusion_builder_column_1_1 1_1 fusion-flex-column\" style=\"--awb-bg-size:cover;--awb-width-large:100%;--awb-margin-top-large:0px;--awb-spacing-right-large:1.92%;--awb-margin-bottom-large:20px;--awb-spacing-left-large:1.92%;--awb-width-medium:100%;--awb-order-medium:0;--awb-spacing-right-medium:1.92%;--awb-spacing-left-medium:1.92%;--awb-width-small:100%;--awb-order-small:0;--awb-spacing-right-small:1.92%;--awb-spacing-left-small:1.92%;\"><div class=\"fusion-column-wrapper fusion-column-has-shadow fusion-flex-justify-content-flex-start fusion-content-layout-column\"><div class=\"fusion-title title fusion-title-1 fusion-no-small-visibility fusion-sep-none fusion-title-text fusion-title-size-one\" style=\"--awb-text-color:var(--awb-custom_color_1);\"><h1 class=\"fusion-title-heading title-heading-left\" style=\"font-family:&quot;Unica One&quot;;font-style:normal;font-weight:400;margin:0;\">Kvalitet<\/h1><\/div><div class=\"fusion-title title fusion-title-2 fusion-no-medium-visibility fusion-no-large-visibility fusion-sep-none fusion-title-text fusion-title-size-one\" style=\"--awb-text-color:var(--awb-custom_color_1);--awb-font-size:46px;\"><h1 class=\"fusion-title-heading title-heading-left\" style=\"font-family:&quot;Unica One&quot;;font-style:normal;font-weight:400;margin:0;font-size:1em;\">Kvalitet<\/h1><\/div><\/div><\/div><div class=\"fusion-layout-column fusion_builder_column fusion-builder-column-1 fusion_builder_column_3_4 3_4 fusion-flex-column\" style=\"--awb-bg-size:cover;--awb-width-large:75%;--awb-margin-top-large:0px;--awb-spacing-right-large:2.56%;--awb-margin-bottom-large:20px;--awb-spacing-left-large:2.56%;--awb-width-medium:75%;--awb-order-medium:0;--awb-spacing-right-medium:2.56%;--awb-spacing-left-medium:2.56%;--awb-width-small:100%;--awb-order-small:0;--awb-spacing-right-small:1.92%;--awb-spacing-left-small:1.92%;\"><div class=\"fusion-column-wrapper fusion-column-has-shadow fusion-flex-justify-content-flex-start fusion-content-layout-column\"><div class=\"fusion-text fusion-text-1\"><p>Kuijpers Petfood BV arbejder fuldt ud i henhold til et HACCP kvalitetssystem. Dette g\u00f8r det muligt for os at garantere en konstant kvalitet af vores produkter. For eksempel er hele vores produktionssted udstyret med v\u00e6skebestandige gulve og v\u00e6gge, s\u00e5 vi kan reng\u00f8re alt grundigt efter produktionen. Alle maskiner, der kommer i kontakt med produktet, er lavet af f\u00f8devaregodkendte materialer s\u00e5som plastik eller rustfrit st\u00e5l (RVS).<\/p>\n<\/div><\/div><\/div><div class=\"fusion-layout-column fusion_builder_column fusion-builder-column-2 fusion_builder_column_1_4 1_4 fusion-flex-column\" style=\"--awb-bg-size:cover;--awb-width-large:25%;--awb-margin-top-large:0px;--awb-spacing-right-large:7.68%;--awb-margin-bottom-large:20px;--awb-spacing-left-large:7.68%;--awb-width-medium:25%;--awb-order-medium:0;--awb-spacing-right-medium:7.68%;--awb-spacing-left-medium:7.68%;--awb-width-small:100%;--awb-order-small:0;--awb-spacing-right-small:1.92%;--awb-spacing-left-small:1.92%;\"><div class=\"fusion-column-wrapper fusion-column-has-shadow fusion-flex-justify-content-flex-start fusion-content-layout-column\"><div class=\"fusion-image-element \" style=\"--awb-caption-title-font-family:var(--h2_typography-font-family);--awb-caption-title-font-weight:var(--h2_typography-font-weight);--awb-caption-title-font-style:var(--h2_typography-font-style);--awb-caption-title-size:var(--h2_typography-font-size);--awb-caption-title-transform:var(--h2_typography-text-transform);--awb-caption-title-line-height:var(--h2_typography-line-height);--awb-caption-title-letter-spacing:var(--h2_typography-letter-spacing);\"><span class=\" fusion-imageframe imageframe-none imageframe-1 hover-type-none\" style=\"border-radius:15px;\"><a href=\"http:\/\/www.kuijperspetfood.com\/cms\/wp-content\/uploads\/2023\/05\/productie.jpg\" class=\"fusion-lightbox\" data-rel=\"iLightbox[a2449cd7616ff27a12d]\" data-title=\"productie\" title=\"productie\"><img decoding=\"async\" width=\"800\" height=\"450\" src=\"http:\/\/www.kuijperspetfood.com\/cms\/wp-content\/uploads\/2023\/05\/productie.jpg\" alt class=\"img-responsive wp-image-1639\" srcset=\"https:\/\/www.kuijperspetfood.com\/cms\/wp-content\/uploads\/2023\/05\/productie-200x113.jpg 200w, https:\/\/www.kuijperspetfood.com\/cms\/wp-content\/uploads\/2023\/05\/productie-400x225.jpg 400w, https:\/\/www.kuijperspetfood.com\/cms\/wp-content\/uploads\/2023\/05\/productie-600x338.jpg 600w, https:\/\/www.kuijperspetfood.com\/cms\/wp-content\/uploads\/2023\/05\/productie.jpg 800w\" sizes=\"(max-width: 640px) 100vw, 400px\" \/><\/a><\/span><\/div><\/div><\/div><div class=\"fusion-layout-column fusion_builder_column fusion-builder-column-3 fusion_builder_column_3_4 3_4 fusion-flex-column\" style=\"--awb-bg-size:cover;--awb-width-large:75%;--awb-margin-top-large:0px;--awb-spacing-right-large:2.56%;--awb-margin-bottom-large:20px;--awb-spacing-left-large:2.56%;--awb-width-medium:75%;--awb-order-medium:0;--awb-spacing-right-medium:2.56%;--awb-spacing-left-medium:2.56%;--awb-width-small:100%;--awb-order-small:0;--awb-spacing-right-small:1.92%;--awb-spacing-left-small:1.92%;\"><div class=\"fusion-column-wrapper fusion-column-has-shadow fusion-flex-justify-content-flex-start fusion-content-layout-column\"><div class=\"fusion-text fusion-text-2\"><p>Der bliver taget pr\u00f8ver og opbevaret af alle r\u00e5varer, der kommer ind. Vi g\u00f8r det samme med alle de produkter, vi producerer. Ved hj\u00e6lp af lot- og batchnumre er det endda muligt at spore, hvilke r\u00e5varer der blev brugt i hvilke produktionsdatoer og i hvilke foderpartier, selv flere \u00e5r senere. Sikring af kvalitet indeb\u00e6rer ogs\u00e5 skadedyrsbek\u00e6mpelse. Der udf\u00f8res ugentlige inspektioner i og omkring vores virksomhed, og der installeres forebyggende midler for at udelukke enhver form for risiko. Det viser, at vi som et HACCP-certificeret firma g\u00f8r alt for at sikre en konstant h\u00f8j kvalitet af vores produkter.<\/p>\n<\/div><\/div><\/div><div class=\"fusion-layout-column fusion_builder_column fusion-builder-column-4 fusion_builder_column_1_4 1_4 fusion-flex-column\" style=\"--awb-bg-size:cover;--awb-width-large:25%;--awb-margin-top-large:0px;--awb-spacing-right-large:7.68%;--awb-margin-bottom-large:20px;--awb-spacing-left-large:7.68%;--awb-width-medium:25%;--awb-order-medium:0;--awb-spacing-right-medium:7.68%;--awb-spacing-left-medium:7.68%;--awb-width-small:100%;--awb-order-small:0;--awb-spacing-right-small:1.92%;--awb-spacing-left-small:1.92%;\"><div class=\"fusion-column-wrapper fusion-column-has-shadow fusion-flex-justify-content-flex-start fusion-content-layout-column\"><div class=\"fusion-image-element \" style=\"--awb-caption-title-font-family:var(--h2_typography-font-family);--awb-caption-title-font-weight:var(--h2_typography-font-weight);--awb-caption-title-font-style:var(--h2_typography-font-style);--awb-caption-title-size:var(--h2_typography-font-size);--awb-caption-title-transform:var(--h2_typography-text-transform);--awb-caption-title-line-height:var(--h2_typography-line-height);--awb-caption-title-letter-spacing:var(--h2_typography-letter-spacing);\"><span class=\" fusion-imageframe imageframe-none imageframe-2 hover-type-none\" style=\"border-radius:15px;\"><a href=\"http:\/\/www.kuijperspetfood.com\/cms\/wp-content\/uploads\/2023\/05\/strooivoer-2.jpg\" class=\"fusion-lightbox\" data-rel=\"iLightbox[55f0262f02b4c6ee254]\" data-title=\"strooivoer 2\" title=\"strooivoer 2\"><img decoding=\"async\" width=\"800\" height=\"450\" src=\"http:\/\/www.kuijperspetfood.com\/cms\/wp-content\/uploads\/2023\/05\/strooivoer-2.jpg\" alt class=\"img-responsive wp-image-1635\" srcset=\"https:\/\/www.kuijperspetfood.com\/cms\/wp-content\/uploads\/2023\/05\/strooivoer-2-200x113.jpg 200w, https:\/\/www.kuijperspetfood.com\/cms\/wp-content\/uploads\/2023\/05\/strooivoer-2-400x225.jpg 400w, https:\/\/www.kuijperspetfood.com\/cms\/wp-content\/uploads\/2023\/05\/strooivoer-2-600x338.jpg 600w, https:\/\/www.kuijperspetfood.com\/cms\/wp-content\/uploads\/2023\/05\/strooivoer-2.jpg 800w\" sizes=\"(max-width: 640px) 100vw, 400px\" \/><\/a><\/span><\/div><\/div><\/div><\/div><\/div>\n","protected":false},"excerpt":{"rendered":"","protected":false},"author":1,"featured_media":0,"parent":0,"menu_order":0,"comment_status":"closed","ping_status":"closed","template":"100-width.php","meta":{"footnotes":""},"class_list":["post-1739","page","type-page","status-publish","hentry"],"yoast_head":"<!-- This site is optimized with the Yoast SEO plugin v26.9 - https:\/\/yoast.com\/product\/yoast-seo-wordpress\/ -->\n<title>Kvalitet | Kuijpers Petfood<\/title>\n<meta name=\"robots\" content=\"index, follow, max-snippet:-1, max-image-preview:large, max-video-preview:-1\" \/>\n<link rel=\"canonical\" href=\"https:\/\/www.kuijperspetfood.com\/da\/kvalitet\/\" \/>\n<meta property=\"og:locale\" content=\"da_DK\" \/>\n<meta property=\"og:type\" content=\"article\" \/>\n<meta property=\"og:title\" content=\"Kvalitet | Kuijpers Petfood\" \/>\n<meta property=\"og:url\" content=\"https:\/\/www.kuijperspetfood.com\/da\/kvalitet\/\" \/>\n<meta property=\"og:site_name\" content=\"Kuijpers Petfood\" \/>\n<meta property=\"article:modified_time\" content=\"2023-06-26T19:41:46+00:00\" \/>\n<meta property=\"og:image\" content=\"https:\/\/www.kuijperspetfood.com\/cms\/wp-content\/uploads\/2023\/05\/KPF-logo-ns.jpg\" \/>\n\t<meta property=\"og:image:width\" content=\"1024\" \/>\n\t<meta property=\"og:image:height\" content=\"480\" \/>\n\t<meta property=\"og:image:type\" content=\"image\/jpeg\" \/>\n<meta name=\"twitter:card\" content=\"summary_large_image\" \/>\n<meta name=\"twitter:label1\" content=\"Estimeret l\u00e6setid\" \/>\n\t<meta name=\"twitter:data1\" content=\"19 minutter\" \/>\n<script type=\"application\/ld+json\" class=\"yoast-schema-graph\">{\"@context\":\"https:\/\/schema.org\",\"@graph\":[{\"@type\":\"WebPage\",\"@id\":\"https:\/\/www.kuijperspetfood.com\/da\/kvalitet\/\",\"url\":\"https:\/\/www.kuijperspetfood.com\/da\/kvalitet\/\",\"name\":\"Kvalitet | Kuijpers Petfood\",\"isPartOf\":{\"@id\":\"https:\/\/www.kuijperspetfood.com\/da\/#website\"},\"datePublished\":\"2023-05-02T13:30:12+00:00\",\"dateModified\":\"2023-06-26T19:41:46+00:00\",\"breadcrumb\":{\"@id\":\"https:\/\/www.kuijperspetfood.com\/da\/kvalitet\/#breadcrumb\"},\"inLanguage\":\"da-DK\",\"potentialAction\":[{\"@type\":\"ReadAction\",\"target\":[\"https:\/\/www.kuijperspetfood.com\/da\/kvalitet\/\"]}]},{\"@type\":\"BreadcrumbList\",\"@id\":\"https:\/\/www.kuijperspetfood.com\/da\/kvalitet\/#breadcrumb\",\"itemListElement\":[{\"@type\":\"ListItem\",\"position\":1,\"name\":\"Home\",\"item\":\"https:\/\/www.kuijperspetfood.com\/da\/\"},{\"@type\":\"ListItem\",\"position\":2,\"name\":\"Kvalitet\"}]},{\"@type\":\"WebSite\",\"@id\":\"https:\/\/www.kuijperspetfood.com\/da\/#website\",\"url\":\"https:\/\/www.kuijperspetfood.com\/da\/\",\"name\":\"Kuijpers Petfood\",\"description\":\"Wild Bird Food - We know what birds love most\",\"publisher\":{\"@id\":\"https:\/\/www.kuijperspetfood.com\/da\/#organization\"},\"potentialAction\":[{\"@type\":\"SearchAction\",\"target\":{\"@type\":\"EntryPoint\",\"urlTemplate\":\"https:\/\/www.kuijperspetfood.com\/da\/?s={search_term_string}\"},\"query-input\":{\"@type\":\"PropertyValueSpecification\",\"valueRequired\":true,\"valueName\":\"search_term_string\"}}],\"inLanguage\":\"da-DK\"},{\"@type\":\"Organization\",\"@id\":\"https:\/\/www.kuijperspetfood.com\/da\/#organization\",\"name\":\"Kuijpers Petfood B.V.\",\"alternateName\":\"Kuijpers Petfood\",\"url\":\"https:\/\/www.kuijperspetfood.com\/da\/\",\"logo\":{\"@type\":\"ImageObject\",\"inLanguage\":\"da-DK\",\"@id\":\"https:\/\/www.kuijperspetfood.com\/da\/#\/schema\/logo\/image\/\",\"url\":\"https:\/\/www.kuijperspetfood.com\/cms\/wp-content\/uploads\/2023\/05\/KPF-logo-login.jpg\",\"contentUrl\":\"https:\/\/www.kuijperspetfood.com\/cms\/wp-content\/uploads\/2023\/05\/KPF-logo-login.jpg\",\"width\":320,\"height\":150,\"caption\":\"Kuijpers Petfood B.V.\"},\"image\":{\"@id\":\"https:\/\/www.kuijperspetfood.com\/da\/#\/schema\/logo\/image\/\"}}]}<\/script>\n<!-- \/ Yoast SEO plugin. -->","yoast_head_json":{"title":"Kvalitet | Kuijpers Petfood","robots":{"index":"index","follow":"follow","max-snippet":"max-snippet:-1","max-image-preview":"max-image-preview:large","max-video-preview":"max-video-preview:-1"},"canonical":"https:\/\/www.kuijperspetfood.com\/da\/kvalitet\/","og_locale":"da_DK","og_type":"article","og_title":"Kvalitet | Kuijpers Petfood","og_url":"https:\/\/www.kuijperspetfood.com\/da\/kvalitet\/","og_site_name":"Kuijpers Petfood","article_modified_time":"2023-06-26T19:41:46+00:00","og_image":[{"width":1024,"height":480,"url":"https:\/\/www.kuijperspetfood.com\/cms\/wp-content\/uploads\/2023\/05\/KPF-logo-ns.jpg","type":"image\/jpeg"}],"twitter_card":"summary_large_image","twitter_misc":{"Estimeret l\u00e6setid":"19 minutter"},"schema":{"@context":"https:\/\/schema.org","@graph":[{"@type":"WebPage","@id":"https:\/\/www.kuijperspetfood.com\/da\/kvalitet\/","url":"https:\/\/www.kuijperspetfood.com\/da\/kvalitet\/","name":"Kvalitet | Kuijpers Petfood","isPartOf":{"@id":"https:\/\/www.kuijperspetfood.com\/da\/#website"},"datePublished":"2023-05-02T13:30:12+00:00","dateModified":"2023-06-26T19:41:46+00:00","breadcrumb":{"@id":"https:\/\/www.kuijperspetfood.com\/da\/kvalitet\/#breadcrumb"},"inLanguage":"da-DK","potentialAction":[{"@type":"ReadAction","target":["https:\/\/www.kuijperspetfood.com\/da\/kvalitet\/"]}]},{"@type":"BreadcrumbList","@id":"https:\/\/www.kuijperspetfood.com\/da\/kvalitet\/#breadcrumb","itemListElement":[{"@type":"ListItem","position":1,"name":"Home","item":"https:\/\/www.kuijperspetfood.com\/da\/"},{"@type":"ListItem","position":2,"name":"Kvalitet"}]},{"@type":"WebSite","@id":"https:\/\/www.kuijperspetfood.com\/da\/#website","url":"https:\/\/www.kuijperspetfood.com\/da\/","name":"Kuijpers Petfood","description":"Wild Bird Food - We know what birds love most","publisher":{"@id":"https:\/\/www.kuijperspetfood.com\/da\/#organization"},"potentialAction":[{"@type":"SearchAction","target":{"@type":"EntryPoint","urlTemplate":"https:\/\/www.kuijperspetfood.com\/da\/?s={search_term_string}"},"query-input":{"@type":"PropertyValueSpecification","valueRequired":true,"valueName":"search_term_string"}}],"inLanguage":"da-DK"},{"@type":"Organization","@id":"https:\/\/www.kuijperspetfood.com\/da\/#organization","name":"Kuijpers Petfood B.V.","alternateName":"Kuijpers Petfood","url":"https:\/\/www.kuijperspetfood.com\/da\/","logo":{"@type":"ImageObject","inLanguage":"da-DK","@id":"https:\/\/www.kuijperspetfood.com\/da\/#\/schema\/logo\/image\/","url":"https:\/\/www.kuijperspetfood.com\/cms\/wp-content\/uploads\/2023\/05\/KPF-logo-login.jpg","contentUrl":"https:\/\/www.kuijperspetfood.com\/cms\/wp-content\/uploads\/2023\/05\/KPF-logo-login.jpg","width":320,"height":150,"caption":"Kuijpers Petfood B.V."},"image":{"@id":"https:\/\/www.kuijperspetfood.com\/da\/#\/schema\/logo\/image\/"}}]}},"_links":{"self":[{"href":"https:\/\/www.kuijperspetfood.com\/da\/wp-json\/wp\/v2\/pages\/1739","targetHints":{"allow":["GET"]}}],"collection":[{"href":"https:\/\/www.kuijperspetfood.com\/da\/wp-json\/wp\/v2\/pages"}],"about":[{"href":"https:\/\/www.kuijperspetfood.com\/da\/wp-json\/wp\/v2\/types\/page"}],"author":[{"embeddable":true,"href":"https:\/\/www.kuijperspetfood.com\/da\/wp-json\/wp\/v2\/users\/1"}],"replies":[{"embeddable":true,"href":"https:\/\/www.kuijperspetfood.com\/da\/wp-json\/wp\/v2\/comments?post=1739"}],"version-history":[{"count":2,"href":"https:\/\/www.kuijperspetfood.com\/da\/wp-json\/wp\/v2\/pages\/1739\/revisions"}],"predecessor-version":[{"id":1743,"href":"https:\/\/www.kuijperspetfood.com\/da\/wp-json\/wp\/v2\/pages\/1739\/revisions\/1743"}],"wp:attachment":[{"href":"https:\/\/www.kuijperspetfood.com\/da\/wp-json\/wp\/v2\/media?parent=1739"}],"curies":[{"name":"wp","href":"https:\/\/api.w.org\/{rel}","templated":true}]}}